{"id":270,"date":"2020-11-18T14:19:53","date_gmt":"2020-11-18T13:19:53","guid":{"rendered":"http:\/\/cougam.com\/jeudutock\/?post_type=product&#038;p=270"},"modified":"2023-03-09T09:40:39","modified_gmt":"2023-03-09T08:40:39","slug":"jeu-du-tock-toc-tac-tik-4-6-8-joueurs-version-magnetique","status":"publish","type":"product","link":"https:\/\/cougam.com\/jeudutock\/index.php\/produit\/jeu-du-tock-toc-tac-tik-4-6-8-joueurs-version-magnetique\/","title":{"rendered":"Jeu du Tock Toc Tac-Tik 4 6 8 joueurs ( Version Magn\u00e9tique)"},"content":{"rendered":"<h1><strong>\u00a0Version Magn\u00e9tique du jeu<\/strong><\/h1>\n<p>Le jeu du Tock est compos\u00e9 de 4 panneaux (29&#215;14,5 cm)<\/p>\n<p>Une plaque de ferrite est incopor\u00e9 \u00e0 l&rsquo;int\u00e9rieur des plaq<span style=\"font-size: 1rem;\">ues et chacun des pions \u00e0 un aimant \u00e0 la base<\/span><\/p>\n<p>Liaison aimant\u00e9e entre les plaques formant le plateau de jeu<\/p>\n<p>Suivant le nombre de joueurs, vous pouvez assembler 2, 3 ou 4 plaques pour former le plateau de jeu.<\/p>\n<p>La bo\u00eete de jeu contient :<\/p>\n<ul>\n<li>8 sets de 4 pions de diff\u00e9rentes couleurs,<\/li>\n<li>un jeu de 54 cartes sp\u00e9cifiques (avec 2 jokers) , avec\u00a0 28 cartes de remplacement pour les variantes du jeu<\/li>\n<\/ul>\n<p>&nbsp;<\/p>\n<p><img loading=\"lazy\" decoding=\"async\" class=\"wp-image-26 alignleft\" src=\"https:\/\/cougam.com\/jeudutock\/wp-content\/uploads\/2017\/01\/jeu-du-tock-4-150x150.jpg\" width=\"189\" height=\"189\" srcset=\"https:\/\/cougam.com\/jeudutock\/wp-content\/uploads\/2017\/01\/jeu-du-tock-4-150x150.jpg 150w, https:\/\/cougam.com\/jeudutock\/wp-content\/uploads\/2017\/01\/jeu-du-tock-4-250x250.jpg 250w, https:\/\/cougam.com\/jeudutock\/wp-content\/uploads\/2017\/01\/jeu-du-tock-4-100x100.jpg 100w\" sizes=\"auto, (max-width: 189px) 100vw, 189px\" \/><img loading=\"lazy\" decoding=\"async\" class=\"wp-image-24 alignleft\" src=\"https:\/\/cougam.com\/jeudutock\/wp-content\/uploads\/2017\/01\/jeu-du-tock-6-150x150.jpg\" width=\"198\" height=\"198\" srcset=\"https:\/\/cougam.com\/jeudutock\/wp-content\/uploads\/2017\/01\/jeu-du-tock-6-150x150.jpg 150w, https:\/\/cougam.com\/jeudutock\/wp-content\/uploads\/2017\/01\/jeu-du-tock-6-250x250.jpg 250w, https:\/\/cougam.com\/jeudutock\/wp-content\/uploads\/2017\/01\/jeu-du-tock-6-100x100.jpg 100w\" sizes=\"auto, (max-width: 198px) 100vw, 198px\" \/><img loading=\"lazy\" decoding=\"async\" class=\" wp-image-9 alignleft\" src=\"https:\/\/cougam.com\/jeudutock\/wp-content\/uploads\/2017\/01\/jeu-du-toc-8-300x193.jpg\" alt=\"\" width=\"368\" height=\"237\" srcset=\"https:\/\/cougam.com\/jeudutock\/wp-content\/uploads\/2017\/01\/jeu-du-toc-8-300x193.jpg 300w, https:\/\/cougam.com\/jeudutock\/wp-content\/uploads\/2017\/01\/jeu-du-toc-8-350x225.jpg 350w, https:\/\/cougam.com\/jeudutock\/wp-content\/uploads\/2017\/01\/jeu-du-toc-8-768x493.jpg 768w, https:\/\/cougam.com\/jeudutock\/wp-content\/uploads\/2017\/01\/jeu-du-toc-8.jpg 779w\" sizes=\"auto, (max-width: 368px) 100vw, 368px\" \/><\/p>\n<p>&nbsp;<\/p>\n<p><img loading=\"lazy\" decoding=\"async\" class=\"size-full wp-image-271 alignleft\" style=\"font-size: 1rem;\" src=\"https:\/\/cougam.com\/jeudutock\/wp-content\/uploads\/2020\/11\/MAGNETIQUE.jpg\" alt=\"\" width=\"260\" height=\"176\" \/><\/p>\n<p><img loading=\"lazy\" decoding=\"async\" class=\"alignnone size-medium wp-image-544\" src=\"https:\/\/cougam.com\/jeudutock\/wp-content\/uploads\/2020\/11\/BOITE-CARTON-300x185.jpg\" alt=\"\" width=\"300\" height=\"185\" srcset=\"https:\/\/cougam.com\/jeudutock\/wp-content\/uploads\/2020\/11\/BOITE-CARTON-300x185.jpg 300w, https:\/\/cougam.com\/jeudutock\/wp-content\/uploads\/2020\/11\/BOITE-CARTON-1024x630.jpg 1024w, https:\/\/cougam.com\/jeudutock\/wp-content\/uploads\/2020\/11\/BOITE-CARTON-768x472.jpg 768w, https:\/\/cougam.com\/jeudutock\/wp-content\/uploads\/2020\/11\/BOITE-CARTON-1536x945.jpg 1536w, https:\/\/cougam.com\/jeudutock\/wp-content\/uploads\/2020\/11\/BOITE-CARTON-2048x1260.jpg 2048w, https:\/\/cougam.com\/jeudutock\/wp-content\/uploads\/2020\/11\/BOITE-CARTON-350x215.jpg 350w\" sizes=\"auto, (max-width: 300px) 100vw, 300px\" \/><img loading=\"lazy\" decoding=\"async\" class=\"alignnone wp-image-193\" src=\"https:\/\/cougam.com\/jeudutock\/wp-content\/uploads\/2020\/03\/cartes-tock-tac-tik-300x298.jpg\" alt=\"\" width=\"172\" height=\"171\" srcset=\"https:\/\/cougam.com\/jeudutock\/wp-content\/uploads\/2020\/03\/cartes-tock-tac-tik-300x298.jpg 300w, https:\/\/cougam.com\/jeudutock\/wp-content\/uploads\/2020\/03\/cartes-tock-tac-tik-250x250.jpg 250w, https:\/\/cougam.com\/jeudutock\/wp-content\/uploads\/2020\/03\/cartes-tock-tac-tik-100x100.jpg 100w, https:\/\/cougam.com\/jeudutock\/wp-content\/uploads\/2020\/03\/cartes-tock-tac-tik-350x348.jpg 350w, https:\/\/cougam.com\/jeudutock\/wp-content\/uploads\/2020\/03\/cartes-tock-tac-tik-150x150.jpg 150w, https:\/\/cougam.com\/jeudutock\/wp-content\/uploads\/2020\/03\/cartes-tock-tac-tik-768x763.jpg 768w, https:\/\/cougam.com\/jeudutock\/wp-content\/uploads\/2020\/03\/cartes-tock-tac-tik-1024x1017.jpg 1024w\" sizes=\"auto, (max-width: 172px) 100vw, 172px\" \/> <img loading=\"lazy\" decoding=\"async\" class=\"alignnone wp-image-192\" style=\"font-size: 1rem;\" src=\"https:\/\/cougam.com\/jeudutock\/wp-content\/uploads\/2020\/03\/cartes-tock-tac-tik-variantes-300x290.jpg\" alt=\"\" width=\"174\" height=\"167\" srcset=\"https:\/\/cougam.com\/jeudutock\/wp-content\/uploads\/2020\/03\/cartes-tock-tac-tik-variantes-300x290.jpg 300w, https:\/\/cougam.com\/jeudutock\/wp-content\/uploads\/2020\/03\/cartes-tock-tac-tik-variantes-350x338.jpg 350w, https:\/\/cougam.com\/jeudutock\/wp-content\/uploads\/2020\/03\/cartes-tock-tac-tik-variantes-768x741.jpg 768w, https:\/\/cougam.com\/jeudutock\/wp-content\/uploads\/2020\/03\/cartes-tock-tac-tik-variantes-1024x988.jpg 1024w\" sizes=\"auto, (max-width: 174px) 100vw, 174px\" \/><\/p>\n<p>&nbsp;<\/p>\n<p>&nbsp;<\/p>\n","protected":false},"excerpt":{"rendered":"<p>\u00a0Version Magn\u00e9tique du jeu Le jeu du Tock est compos\u00e9 de 4 panneaux (29&#215;14,5 cm) Une plaque de ferrite est incopor\u00e9 \u00e0 l&rsquo;int\u00e9rieur des plaques et chacun des pions \u00e0 un aimant \u00e0 la base Liaison aimant\u00e9e entre les plaques formant le plateau de jeu Suivant le nombre de joueurs, vous pouvez assembler 2, 3 &hellip; <\/p>\n<p class=\"link-more\"><a href=\"https:\/\/cougam.com\/jeudutock\/index.php\/produit\/jeu-du-tock-toc-tac-tik-4-6-8-joueurs-version-magnetique\/\" class=\"more-link\">Continuer la lecture<span class=\"screen-reader-text\"> de &laquo;&nbsp;Jeu du Tock Toc Tac-Tik 4 6 8 joueurs ( Version Magn\u00e9tique)&nbsp;&raquo;<\/span><\/a><\/p>\n","protected":false},"featured_media":97,"comment_status":"open","ping_status":"closed","template":"","meta":[],"product_brand":[],"product_cat":[30],"product_tag":[28,26,25,27,29,33,24],"class_list":{"0":"post-270","1":"product","2":"type-product","3":"status-publish","4":"has-post-thumbnail","6":"product_cat-non-classe","7":"product_tag-carte","8":"product_tag-jeu","9":"product_tag-plateau","10":"product_tag-societe","11":"product_tag-strategie","12":"product_tag-tac-tik","13":"product_tag-tock","15":"first","16":"instock","17":"featured","18":"taxable","19":"shipping-taxable","20":"purchasable","21":"product-type-simple"},"yoast_head":"<!-- This site is optimized with the Yoast SEO plugin v27.5 - https:\/\/yoast.com\/product\/yoast-seo-wordpress\/ -->\n<title>Jeu du Tock Toc Tac-Tik 4 6 8 joueurs ( Version Magn\u00e9tique) - Jeu du Tock<\/title>\n<meta name=\"description\" content=\"Le jeu du Tock est compos\u00e9 de 4 panneaux (29x14,5 cm) La liaison aimant\u00e9e entre les plaques formant le plateau de jeu pour 4, 6 ou 8 joueurs\" \/>\n<meta name=\"robots\" content=\"index, follow, max-snippet:-1, max-image-preview:large, max-video-preview:-1\" \/>\n<link rel=\"canonical\" href=\"https:\/\/cougam.com\/jeudutock\/index.php\/produit\/jeu-du-tock-toc-tac-tik-4-6-8-joueurs-version-magnetique\/\" \/>\n<meta property=\"og:locale\" content=\"fr_FR\" \/>\n<meta property=\"og:type\" content=\"article\" \/>\n<meta property=\"og:title\" content=\"Jeu du Tock Toc Tac-Tik 4 6 8 joueurs ( Version Magn\u00e9tique) - Jeu du Tock\" \/>\n<meta property=\"og:description\" content=\"Le jeu du Tock est compos\u00e9 de 4 panneaux (29x14,5 cm) La liaison aimant\u00e9e entre les plaques formant le plateau de jeu pour 4, 6 ou 8 joueurs\" \/>\n<meta property=\"og:url\" content=\"https:\/\/cougam.com\/jeudutock\/index.php\/produit\/jeu-du-tock-toc-tac-tik-4-6-8-joueurs-version-magnetique\/\" \/>\n<meta property=\"og:site_name\" content=\"Jeu du Tock\" \/>\n<meta property=\"article:modified_time\" content=\"2023-03-09T08:40:39+00:00\" \/>\n<meta property=\"og:image\" content=\"https:\/\/cougam.com\/jeudutock\/wp-content\/uploads\/2017\/01\/jeu-du-toc-jeu-du-tock-468.jpg\" \/>\n\t<meta property=\"og:image:width\" content=\"1908\" \/>\n\t<meta property=\"og:image:height\" content=\"1907\" \/>\n\t<meta property=\"og:image:type\" content=\"image\/jpeg\" \/>\n<meta name=\"twitter:card\" content=\"summary_large_image\" \/>\n<meta name=\"twitter:label1\" content=\"Dur\u00e9e de lecture estim\u00e9e\" \/>\n\t<meta name=\"twitter:data1\" content=\"2 minutes\" \/>\n<script type=\"application\/ld+json\" class=\"yoast-schema-graph\">{\"@context\":\"https:\\\/\\\/schema.org\",\"@graph\":[{\"@type\":\"WebPage\",\"@id\":\"https:\\\/\\\/cougam.com\\\/jeudutock\\\/index.php\\\/produit\\\/jeu-du-tock-toc-tac-tik-4-6-8-joueurs-version-magnetique\\\/\",\"url\":\"https:\\\/\\\/cougam.com\\\/jeudutock\\\/index.php\\\/produit\\\/jeu-du-tock-toc-tac-tik-4-6-8-joueurs-version-magnetique\\\/\",\"name\":\"Jeu du Tock Toc Tac-Tik 4 6 8 joueurs ( Version Magn\u00e9tique) - Jeu du Tock\",\"isPartOf\":{\"@id\":\"https:\\\/\\\/cougam.com\\\/jeudutock\\\/#website\"},\"primaryImageOfPage\":{\"@id\":\"https:\\\/\\\/cougam.com\\\/jeudutock\\\/index.php\\\/produit\\\/jeu-du-tock-toc-tac-tik-4-6-8-joueurs-version-magnetique\\\/#primaryimage\"},\"image\":{\"@id\":\"https:\\\/\\\/cougam.com\\\/jeudutock\\\/index.php\\\/produit\\\/jeu-du-tock-toc-tac-tik-4-6-8-joueurs-version-magnetique\\\/#primaryimage\"},\"thumbnailUrl\":\"https:\\\/\\\/cougam.com\\\/jeudutock\\\/wp-content\\\/uploads\\\/2017\\\/01\\\/jeu-du-toc-jeu-du-tock-468.jpg\",\"datePublished\":\"2020-11-18T13:19:53+00:00\",\"dateModified\":\"2023-03-09T08:40:39+00:00\",\"description\":\"Le jeu du Tock est compos\u00e9 de 4 panneaux (29x14,5 cm) La liaison aimant\u00e9e entre les plaques formant le plateau de jeu pour 4, 6 ou 8 joueurs\",\"breadcrumb\":{\"@id\":\"https:\\\/\\\/cougam.com\\\/jeudutock\\\/index.php\\\/produit\\\/jeu-du-tock-toc-tac-tik-4-6-8-joueurs-version-magnetique\\\/#breadcrumb\"},\"inLanguage\":\"fr-FR\",\"potentialAction\":[{\"@type\":\"ReadAction\",\"target\":[\"https:\\\/\\\/cougam.com\\\/jeudutock\\\/index.php\\\/produit\\\/jeu-du-tock-toc-tac-tik-4-6-8-joueurs-version-magnetique\\\/\"]}]},{\"@type\":\"ImageObject\",\"inLanguage\":\"fr-FR\",\"@id\":\"https:\\\/\\\/cougam.com\\\/jeudutock\\\/index.php\\\/produit\\\/jeu-du-tock-toc-tac-tik-4-6-8-joueurs-version-magnetique\\\/#primaryimage\",\"url\":\"https:\\\/\\\/cougam.com\\\/jeudutock\\\/wp-content\\\/uploads\\\/2017\\\/01\\\/jeu-du-toc-jeu-du-tock-468.jpg\",\"contentUrl\":\"https:\\\/\\\/cougam.com\\\/jeudutock\\\/wp-content\\\/uploads\\\/2017\\\/01\\\/jeu-du-toc-jeu-du-tock-468.jpg\",\"width\":1908,\"height\":1907},{\"@type\":\"BreadcrumbList\",\"@id\":\"https:\\\/\\\/cougam.com\\\/jeudutock\\\/index.php\\\/produit\\\/jeu-du-tock-toc-tac-tik-4-6-8-joueurs-version-magnetique\\\/#breadcrumb\",\"itemListElement\":[{\"@type\":\"ListItem\",\"position\":1,\"name\":\"Accueil\",\"item\":\"https:\\\/\\\/cougam.com\\\/jeudutock\\\/\"},{\"@type\":\"ListItem\",\"position\":2,\"name\":\"Boutique\",\"item\":\"https:\\\/\\\/cougam.com\\\/jeudutock\\\/index.php\\\/boutique\\\/\"},{\"@type\":\"ListItem\",\"position\":3,\"name\":\"Jeu du Tock Toc Tac-Tik 4 6 8 joueurs ( Version Magn\u00e9tique)\"}]},{\"@type\":\"WebSite\",\"@id\":\"https:\\\/\\\/cougam.com\\\/jeudutock\\\/#website\",\"url\":\"https:\\\/\\\/cougam.com\\\/jeudutock\\\/\",\"name\":\"Jeu du Tock\",\"description\":\"\",\"publisher\":{\"@id\":\"https:\\\/\\\/cougam.com\\\/jeudutock\\\/#organization\"},\"potentialAction\":[{\"@type\":\"SearchAction\",\"target\":{\"@type\":\"EntryPoint\",\"urlTemplate\":\"https:\\\/\\\/cougam.com\\\/jeudutock\\\/?s={search_term_string}\"},\"query-input\":{\"@type\":\"PropertyValueSpecification\",\"valueRequired\":true,\"valueName\":\"search_term_string\"}}],\"inLanguage\":\"fr-FR\"},{\"@type\":\"Organization\",\"@id\":\"https:\\\/\\\/cougam.com\\\/jeudutock\\\/#organization\",\"name\":\"TOCK\",\"url\":\"https:\\\/\\\/cougam.com\\\/jeudutock\\\/\",\"logo\":{\"@type\":\"ImageObject\",\"inLanguage\":\"fr-FR\",\"@id\":\"https:\\\/\\\/cougam.com\\\/jeudutock\\\/#\\\/schema\\\/logo\\\/image\\\/\",\"url\":\"https:\\\/\\\/tock.fr\\\/wp-content\\\/uploads\\\/2017\\\/01\\\/cropped-logo-Jeu-du-Tock-grand.jpg\",\"contentUrl\":\"https:\\\/\\\/tock.fr\\\/wp-content\\\/uploads\\\/2017\\\/01\\\/cropped-logo-Jeu-du-Tock-grand.jpg\",\"width\":545,\"height\":250,\"caption\":\"TOCK\"},\"image\":{\"@id\":\"https:\\\/\\\/cougam.com\\\/jeudutock\\\/#\\\/schema\\\/logo\\\/image\\\/\"}}]}<\/script>\n<!-- \/ Yoast SEO plugin. -->","yoast_head_json":{"title":"Jeu du Tock Toc Tac-Tik 4 6 8 joueurs ( Version Magn\u00e9tique) - Jeu du Tock","description":"Le jeu du Tock est compos\u00e9 de 4 panneaux (29x14,5 cm) La liaison aimant\u00e9e entre les plaques formant le plateau de jeu pour 4, 6 ou 8 joueurs","robots":{"index":"index","follow":"follow","max-snippet":"max-snippet:-1","max-image-preview":"max-image-preview:large","max-video-preview":"max-video-preview:-1"},"canonical":"https:\/\/cougam.com\/jeudutock\/index.php\/produit\/jeu-du-tock-toc-tac-tik-4-6-8-joueurs-version-magnetique\/","og_locale":"fr_FR","og_type":"article","og_title":"Jeu du Tock Toc Tac-Tik 4 6 8 joueurs ( Version Magn\u00e9tique) - Jeu du Tock","og_description":"Le jeu du Tock est compos\u00e9 de 4 panneaux (29x14,5 cm) La liaison aimant\u00e9e entre les plaques formant le plateau de jeu pour 4, 6 ou 8 joueurs","og_url":"https:\/\/cougam.com\/jeudutock\/index.php\/produit\/jeu-du-tock-toc-tac-tik-4-6-8-joueurs-version-magnetique\/","og_site_name":"Jeu du Tock","article_modified_time":"2023-03-09T08:40:39+00:00","og_image":[{"width":1908,"height":1907,"url":"https:\/\/cougam.com\/jeudutock\/wp-content\/uploads\/2017\/01\/jeu-du-toc-jeu-du-tock-468.jpg","type":"image\/jpeg"}],"twitter_card":"summary_large_image","twitter_misc":{"Dur\u00e9e de lecture estim\u00e9e":"2 minutes"},"schema":{"@context":"https:\/\/schema.org","@graph":[{"@type":"WebPage","@id":"https:\/\/cougam.com\/jeudutock\/index.php\/produit\/jeu-du-tock-toc-tac-tik-4-6-8-joueurs-version-magnetique\/","url":"https:\/\/cougam.com\/jeudutock\/index.php\/produit\/jeu-du-tock-toc-tac-tik-4-6-8-joueurs-version-magnetique\/","name":"Jeu du Tock Toc Tac-Tik 4 6 8 joueurs ( Version Magn\u00e9tique) - Jeu du Tock","isPartOf":{"@id":"https:\/\/cougam.com\/jeudutock\/#website"},"primaryImageOfPage":{"@id":"https:\/\/cougam.com\/jeudutock\/index.php\/produit\/jeu-du-tock-toc-tac-tik-4-6-8-joueurs-version-magnetique\/#primaryimage"},"image":{"@id":"https:\/\/cougam.com\/jeudutock\/index.php\/produit\/jeu-du-tock-toc-tac-tik-4-6-8-joueurs-version-magnetique\/#primaryimage"},"thumbnailUrl":"https:\/\/cougam.com\/jeudutock\/wp-content\/uploads\/2017\/01\/jeu-du-toc-jeu-du-tock-468.jpg","datePublished":"2020-11-18T13:19:53+00:00","dateModified":"2023-03-09T08:40:39+00:00","description":"Le jeu du Tock est compos\u00e9 de 4 panneaux (29x14,5 cm) La liaison aimant\u00e9e entre les plaques formant le plateau de jeu pour 4, 6 ou 8 joueurs","breadcrumb":{"@id":"https:\/\/cougam.com\/jeudutock\/index.php\/produit\/jeu-du-tock-toc-tac-tik-4-6-8-joueurs-version-magnetique\/#breadcrumb"},"inLanguage":"fr-FR","potentialAction":[{"@type":"ReadAction","target":["https:\/\/cougam.com\/jeudutock\/index.php\/produit\/jeu-du-tock-toc-tac-tik-4-6-8-joueurs-version-magnetique\/"]}]},{"@type":"ImageObject","inLanguage":"fr-FR","@id":"https:\/\/cougam.com\/jeudutock\/index.php\/produit\/jeu-du-tock-toc-tac-tik-4-6-8-joueurs-version-magnetique\/#primaryimage","url":"https:\/\/cougam.com\/jeudutock\/wp-content\/uploads\/2017\/01\/jeu-du-toc-jeu-du-tock-468.jpg","contentUrl":"https:\/\/cougam.com\/jeudutock\/wp-content\/uploads\/2017\/01\/jeu-du-toc-jeu-du-tock-468.jpg","width":1908,"height":1907},{"@type":"BreadcrumbList","@id":"https:\/\/cougam.com\/jeudutock\/index.php\/produit\/jeu-du-tock-toc-tac-tik-4-6-8-joueurs-version-magnetique\/#breadcrumb","itemListElement":[{"@type":"ListItem","position":1,"name":"Accueil","item":"https:\/\/cougam.com\/jeudutock\/"},{"@type":"ListItem","position":2,"name":"Boutique","item":"https:\/\/cougam.com\/jeudutock\/index.php\/boutique\/"},{"@type":"ListItem","position":3,"name":"Jeu du Tock Toc Tac-Tik 4 6 8 joueurs ( Version Magn\u00e9tique)"}]},{"@type":"WebSite","@id":"https:\/\/cougam.com\/jeudutock\/#website","url":"https:\/\/cougam.com\/jeudutock\/","name":"Jeu du Tock","description":"","publisher":{"@id":"https:\/\/cougam.com\/jeudutock\/#organization"},"potentialAction":[{"@type":"SearchAction","target":{"@type":"EntryPoint","urlTemplate":"https:\/\/cougam.com\/jeudutock\/?s={search_term_string}"},"query-input":{"@type":"PropertyValueSpecification","valueRequired":true,"valueName":"search_term_string"}}],"inLanguage":"fr-FR"},{"@type":"Organization","@id":"https:\/\/cougam.com\/jeudutock\/#organization","name":"TOCK","url":"https:\/\/cougam.com\/jeudutock\/","logo":{"@type":"ImageObject","inLanguage":"fr-FR","@id":"https:\/\/cougam.com\/jeudutock\/#\/schema\/logo\/image\/","url":"https:\/\/tock.fr\/wp-content\/uploads\/2017\/01\/cropped-logo-Jeu-du-Tock-grand.jpg","contentUrl":"https:\/\/tock.fr\/wp-content\/uploads\/2017\/01\/cropped-logo-Jeu-du-Tock-grand.jpg","width":545,"height":250,"caption":"TOCK"},"image":{"@id":"https:\/\/cougam.com\/jeudutock\/#\/schema\/logo\/image\/"}}]}},"_links":{"self":[{"href":"https:\/\/cougam.com\/jeudutock\/index.php\/wp-json\/wp\/v2\/product\/270","targetHints":{"allow":["GET"]}}],"collection":[{"href":"https:\/\/cougam.com\/jeudutock\/index.php\/wp-json\/wp\/v2\/product"}],"about":[{"href":"https:\/\/cougam.com\/jeudutock\/index.php\/wp-json\/wp\/v2\/types\/product"}],"replies":[{"embeddable":true,"href":"https:\/\/cougam.com\/jeudutock\/index.php\/wp-json\/wp\/v2\/comments?post=270"}],"wp:featuredmedia":[{"embeddable":true,"href":"https:\/\/cougam.com\/jeudutock\/index.php\/wp-json\/wp\/v2\/media\/97"}],"wp:attachment":[{"href":"https:\/\/cougam.com\/jeudutock\/index.php\/wp-json\/wp\/v2\/media?parent=270"}],"wp:term":[{"taxonomy":"product_brand","embeddable":true,"href":"https:\/\/cougam.com\/jeudutock\/index.php\/wp-json\/wp\/v2\/product_brand?post=270"},{"taxonomy":"product_cat","embeddable":true,"href":"https:\/\/cougam.com\/jeudutock\/index.php\/wp-json\/wp\/v2\/product_cat?post=270"},{"taxonomy":"product_tag","embeddable":true,"href":"https:\/\/cougam.com\/jeudutock\/index.php\/wp-json\/wp\/v2\/product_tag?post=270"}],"curies":[{"name":"wp","href":"https:\/\/api.w.org\/{rel}","templated":true}]}}