{"id":52,"date":"2017-07-25T10:19:46","date_gmt":"2017-07-25T08:19:46","guid":{"rendered":"http:\/\/cougam.com\/jeudutock\/?page_id=52"},"modified":"2021-12-08T16:45:10","modified_gmt":"2021-12-08T15:45:10","slug":"accueil","status":"publish","type":"page","link":"https:\/\/cougam.com\/jeudutock\/","title":{"rendered":"ACCUEIL"},"content":{"rendered":"<p style=\"text-align: justify;\">Le jeu du Tock est un jeu de soci\u00e9t\u00e9 originaire du Qu\u00e9bec. Il se joue sur plateau \u00e0 l&rsquo;aide d&rsquo;un jeu de carte et de pions.<\/p>\n<p style=\"text-align: left;\">Notre jeu du Tock peut se jouer selon diff\u00e9rentes configurations, et donc nombre de joueurs: \u00a02, 4, 6 et 8. Le plateau de jeu est adaptable suivant le nombre de participants.<\/p>\n<p style=\"text-align: left;\">Le jeu du Tock est principalement un jeu de strat\u00e9gie que l&rsquo;on joue g\u00e9n\u00e9ralement pas \u00e9quipe de deux, mais il est possible de jeu seul. Le jeu en \u00e9quipe rajoute de la difficult\u00e9 et de la strat\u00e9gie.<\/p>\n<p style=\"text-align: left;\">Plusieurs optique de jeu peuvent intervenir. Choisirez-vous de bloquer vos adversaires? Ou bien pr\u00e9f\u00e9rez-vous privil\u00e9gier l&rsquo;avanc\u00e9e de vos pions ? Chaque partie est unique et m\u00eame si vous semblez en t\u00eate dans le jeu, celui-ci peut rapidement se retourner et vous pourrez perdre votre avance!<\/p>\n","protected":false},"excerpt":{"rendered":"<p>Le jeu du Tock est un jeu de soci\u00e9t\u00e9 originaire du Qu\u00e9bec. Il se joue sur plateau \u00e0 l&rsquo;aide d&rsquo;un jeu de carte et de pions. Notre jeu du Tock peut se jouer selon diff\u00e9rentes configurations, et donc nombre de joueurs: \u00a02, 4, 6 et 8. Le plateau de jeu est adaptable suivant le nombre &hellip; <\/p>\n<p class=\"link-more\"><a href=\"https:\/\/cougam.com\/jeudutock\/\" class=\"more-link\">Continuer la lecture<span class=\"screen-reader-text\"> de &laquo;&nbsp;ACCUEIL&nbsp;&raquo;<\/span><\/a><\/p>\n","protected":false},"author":1,"featured_media":0,"parent":0,"menu_order":0,"comment_status":"closed","ping_status":"closed","template":"","meta":{"footnotes":""},"class_list":["post-52","page","type-page","status-publish","hentry"],"yoast_head":"<!-- This site is optimized with the Yoast SEO plugin v27.5 - https:\/\/yoast.com\/product\/yoast-seo-wordpress\/ -->\n<title>LE JEU DU TOCK<\/title>\n<meta name=\"robots\" content=\"index, follow, max-snippet:-1, max-image-preview:large, max-video-preview:-1\" \/>\n<link rel=\"canonical\" href=\"https:\/\/cougam.com\/jeudutock\/\" \/>\n<meta property=\"og:locale\" content=\"fr_FR\" \/>\n<meta property=\"og:type\" content=\"article\" \/>\n<meta property=\"og:title\" content=\"LE JEU DU TOCK\" \/>\n<meta property=\"og:description\" content=\"Le jeu du Tock est un jeu de soci\u00e9t\u00e9 originaire du Qu\u00e9bec. Il se joue sur plateau \u00e0 l&rsquo;aide d&rsquo;un jeu de carte et de pions. Notre jeu du Tock peut se jouer selon diff\u00e9rentes configurations, et donc nombre de joueurs: \u00a02, 4, 6 et 8. Le plateau de jeu est adaptable suivant le nombre &hellip; Continuer la lecture de &laquo;&nbsp;ACCUEIL&nbsp;&raquo;\" \/>\n<meta property=\"og:url\" content=\"https:\/\/cougam.com\/jeudutock\/\" \/>\n<meta property=\"og:site_name\" content=\"Jeu du Tock\" \/>\n<meta property=\"article:modified_time\" content=\"2021-12-08T15:45:10+00:00\" \/>\n<meta name=\"twitter:card\" content=\"summary_large_image\" \/>\n<meta name=\"twitter:label1\" content=\"Dur\u00e9e de lecture estim\u00e9e\" \/>\n\t<meta name=\"twitter:data1\" content=\"1 minute\" \/>\n<script type=\"application\/ld+json\" class=\"yoast-schema-graph\">{\"@context\":\"https:\\\/\\\/schema.org\",\"@graph\":[{\"@type\":\"WebPage\",\"@id\":\"https:\\\/\\\/cougam.com\\\/jeudutock\\\/\",\"url\":\"https:\\\/\\\/cougam.com\\\/jeudutock\\\/\",\"name\":\"LE JEU DU TOCK\",\"isPartOf\":{\"@id\":\"https:\\\/\\\/cougam.com\\\/jeudutock\\\/#website\"},\"datePublished\":\"2017-07-25T08:19:46+00:00\",\"dateModified\":\"2021-12-08T15:45:10+00:00\",\"breadcrumb\":{\"@id\":\"https:\\\/\\\/cougam.com\\\/jeudutock\\\/#breadcrumb\"},\"inLanguage\":\"fr-FR\",\"potentialAction\":[{\"@type\":\"ReadAction\",\"target\":[\"https:\\\/\\\/cougam.com\\\/jeudutock\\\/\"]}]},{\"@type\":\"BreadcrumbList\",\"@id\":\"https:\\\/\\\/cougam.com\\\/jeudutock\\\/#breadcrumb\",\"itemListElement\":[{\"@type\":\"ListItem\",\"position\":1,\"name\":\"Accueil\",\"item\":\"https:\\\/\\\/cougam.com\\\/jeudutock\\\/\"},{\"@type\":\"ListItem\",\"position\":2,\"name\":\"ACCUEIL\"}]},{\"@type\":\"WebSite\",\"@id\":\"https:\\\/\\\/cougam.com\\\/jeudutock\\\/#website\",\"url\":\"https:\\\/\\\/cougam.com\\\/jeudutock\\\/\",\"name\":\"Jeu du Tock\",\"description\":\"\",\"publisher\":{\"@id\":\"https:\\\/\\\/cougam.com\\\/jeudutock\\\/#organization\"},\"potentialAction\":[{\"@type\":\"SearchAction\",\"target\":{\"@type\":\"EntryPoint\",\"urlTemplate\":\"https:\\\/\\\/cougam.com\\\/jeudutock\\\/?s={search_term_string}\"},\"query-input\":{\"@type\":\"PropertyValueSpecification\",\"valueRequired\":true,\"valueName\":\"search_term_string\"}}],\"inLanguage\":\"fr-FR\"},{\"@type\":\"Organization\",\"@id\":\"https:\\\/\\\/cougam.com\\\/jeudutock\\\/#organization\",\"name\":\"TOCK\",\"url\":\"https:\\\/\\\/cougam.com\\\/jeudutock\\\/\",\"logo\":{\"@type\":\"ImageObject\",\"inLanguage\":\"fr-FR\",\"@id\":\"https:\\\/\\\/cougam.com\\\/jeudutock\\\/#\\\/schema\\\/logo\\\/image\\\/\",\"url\":\"https:\\\/\\\/tock.fr\\\/wp-content\\\/uploads\\\/2017\\\/01\\\/cropped-logo-Jeu-du-Tock-grand.jpg\",\"contentUrl\":\"https:\\\/\\\/tock.fr\\\/wp-content\\\/uploads\\\/2017\\\/01\\\/cropped-logo-Jeu-du-Tock-grand.jpg\",\"width\":545,\"height\":250,\"caption\":\"TOCK\"},\"image\":{\"@id\":\"https:\\\/\\\/cougam.com\\\/jeudutock\\\/#\\\/schema\\\/logo\\\/image\\\/\"}}]}<\/script>\n<!-- \/ Yoast SEO plugin. -->","yoast_head_json":{"title":"LE JEU DU TOCK","robots":{"index":"index","follow":"follow","max-snippet":"max-snippet:-1","max-image-preview":"max-image-preview:large","max-video-preview":"max-video-preview:-1"},"canonical":"https:\/\/cougam.com\/jeudutock\/","og_locale":"fr_FR","og_type":"article","og_title":"LE JEU DU TOCK","og_description":"Le jeu du Tock est un jeu de soci\u00e9t\u00e9 originaire du Qu\u00e9bec. Il se joue sur plateau \u00e0 l&rsquo;aide d&rsquo;un jeu de carte et de pions. Notre jeu du Tock peut se jouer selon diff\u00e9rentes configurations, et donc nombre de joueurs: \u00a02, 4, 6 et 8. Le plateau de jeu est adaptable suivant le nombre &hellip; Continuer la lecture de &laquo;&nbsp;ACCUEIL&nbsp;&raquo;","og_url":"https:\/\/cougam.com\/jeudutock\/","og_site_name":"Jeu du Tock","article_modified_time":"2021-12-08T15:45:10+00:00","twitter_card":"summary_large_image","twitter_misc":{"Dur\u00e9e de lecture estim\u00e9e":"1 minute"},"schema":{"@context":"https:\/\/schema.org","@graph":[{"@type":"WebPage","@id":"https:\/\/cougam.com\/jeudutock\/","url":"https:\/\/cougam.com\/jeudutock\/","name":"LE JEU DU TOCK","isPartOf":{"@id":"https:\/\/cougam.com\/jeudutock\/#website"},"datePublished":"2017-07-25T08:19:46+00:00","dateModified":"2021-12-08T15:45:10+00:00","breadcrumb":{"@id":"https:\/\/cougam.com\/jeudutock\/#breadcrumb"},"inLanguage":"fr-FR","potentialAction":[{"@type":"ReadAction","target":["https:\/\/cougam.com\/jeudutock\/"]}]},{"@type":"BreadcrumbList","@id":"https:\/\/cougam.com\/jeudutock\/#breadcrumb","itemListElement":[{"@type":"ListItem","position":1,"name":"Accueil","item":"https:\/\/cougam.com\/jeudutock\/"},{"@type":"ListItem","position":2,"name":"ACCUEIL"}]},{"@type":"WebSite","@id":"https:\/\/cougam.com\/jeudutock\/#website","url":"https:\/\/cougam.com\/jeudutock\/","name":"Jeu du Tock","description":"","publisher":{"@id":"https:\/\/cougam.com\/jeudutock\/#organization"},"potentialAction":[{"@type":"SearchAction","target":{"@type":"EntryPoint","urlTemplate":"https:\/\/cougam.com\/jeudutock\/?s={search_term_string}"},"query-input":{"@type":"PropertyValueSpecification","valueRequired":true,"valueName":"search_term_string"}}],"inLanguage":"fr-FR"},{"@type":"Organization","@id":"https:\/\/cougam.com\/jeudutock\/#organization","name":"TOCK","url":"https:\/\/cougam.com\/jeudutock\/","logo":{"@type":"ImageObject","inLanguage":"fr-FR","@id":"https:\/\/cougam.com\/jeudutock\/#\/schema\/logo\/image\/","url":"https:\/\/tock.fr\/wp-content\/uploads\/2017\/01\/cropped-logo-Jeu-du-Tock-grand.jpg","contentUrl":"https:\/\/tock.fr\/wp-content\/uploads\/2017\/01\/cropped-logo-Jeu-du-Tock-grand.jpg","width":545,"height":250,"caption":"TOCK"},"image":{"@id":"https:\/\/cougam.com\/jeudutock\/#\/schema\/logo\/image\/"}}]}},"_links":{"self":[{"href":"https:\/\/cougam.com\/jeudutock\/index.php\/wp-json\/wp\/v2\/pages\/52","targetHints":{"allow":["GET"]}}],"collection":[{"href":"https:\/\/cougam.com\/jeudutock\/index.php\/wp-json\/wp\/v2\/pages"}],"about":[{"href":"https:\/\/cougam.com\/jeudutock\/index.php\/wp-json\/wp\/v2\/types\/page"}],"author":[{"embeddable":true,"href":"https:\/\/cougam.com\/jeudutock\/index.php\/wp-json\/wp\/v2\/users\/1"}],"replies":[{"embeddable":true,"href":"https:\/\/cougam.com\/jeudutock\/index.php\/wp-json\/wp\/v2\/comments?post=52"}],"version-history":[{"count":4,"href":"https:\/\/cougam.com\/jeudutock\/index.php\/wp-json\/wp\/v2\/pages\/52\/revisions"}],"predecessor-version":[{"id":60,"href":"https:\/\/cougam.com\/jeudutock\/index.php\/wp-json\/wp\/v2\/pages\/52\/revisions\/60"}],"wp:attachment":[{"href":"https:\/\/cougam.com\/jeudutock\/index.php\/wp-json\/wp\/v2\/media?parent=52"}],"curies":[{"name":"wp","href":"https:\/\/api.w.org\/{rel}","templated":true}]}}