{"id":419,"date":"2021-12-08T16:38:13","date_gmt":"2021-12-08T15:38:13","guid":{"rendered":"https:\/\/cougam.com\/jeudutock\/?page_id=419"},"modified":"2021-12-08T16:41:53","modified_gmt":"2021-12-08T15:41:53","slug":"confidentialite-rgpd","status":"publish","type":"page","link":"https:\/\/cougam.com\/jeudutock\/index.php\/accueil\/confidentialite-rgpd\/","title":{"rendered":"Confidentialit\u00e9 (RGPD)"},"content":{"rendered":"\n<p>COUGAM,&nbsp;soucieux&nbsp;des droits des individus, notamment au regard des traitements automatis\u00e9s, et dans une volont\u00e9 de transparence avec ses clients, a mis en place une politique reprenant l\u2019ensemble de ces traitements, des finalit\u00e9s poursuivies par ces derniers ainsi que des moyens d\u2019actions \u00e0 la disposition des individus afin qu\u2019ils puissent au mieux exercer leurs droits.&nbsp;<\/p>\n\n\n\n<p>Pour toute information compl\u00e9mentaire le texte du R\u00e8glement (UE) 2016\/679 du Parlement europ\u00e9en et du Conseil du 27 avril 2016 relatif \u00e0 la protection des personnes physiques \u00e0 l\u2019\u00e9gard du traitement des donn\u00e9es \u00e0 caract\u00e8re personnel et \u00e0 la libre circulation de ces donn\u00e9es (RGPD) est publi\u00e9 sur :<\/p>\n\n\n\n<ul class=\"wp-block-list\"><li>Sur le&nbsp;<a href=\"http:\/\/www.cnil.fr\/reglement-europeen-protection-donnees\">site de la CNIL<\/a>&nbsp;;<\/li><li>Sur le&nbsp;<a href=\"http:\/\/eur-lex.europa.eu\/legal-content\/FR\/TXT\/HTML\/?uri=CELEX:32016R0679&amp;from=FR\">site de l\u2019Union Europ\u00e9enne<\/a>.<\/li><\/ul>\n\n\n\n<p>La poursuite de la navigation sur ce site vaut acceptation sans r\u00e9serve des dispositions et conditions d\u2019utilisation qui suivent. Vous&nbsp;acceptez l\u2019utilisation de cookies et autres traceurs.<\/p>\n\n\n\n<p>La version actuellement en ligne de ces conditions d\u2019utilisation est la seule opposable pendant toute la dur\u00e9e d\u2019utilisation du site et jusqu\u2019\u00e0 ce qu\u2019une nouvelle version la remplace.<\/p>\n\n\n\n<p>Les informations collect\u00e9es par&nbsp;<a href=\"http:\/\/www.tock.fr\">www.tock.fr<\/a>&nbsp;lors de toute commande de l\u2019acheteur sont n\u00e9cessaires pour la gestion de sa commande.<\/p>\n\n\n\n<p>Atout le monde se r\u00e9serve le droit de collecter les donn\u00e9es nominatives relatives aux acheteurs du site y compris en utilisant des cookies.<br>Certaines pages web du site peuvent parfois contenir des images \u00e9lectroniques ou \u201d balises web \u201c, qui permettent de compter le nombre de visiteurs de la page. En tout \u00e9tat de cause, les renseignements obtenus via ces balises sont strictement anonymes et permettent simplement de rassembler des statistiques sur la fr\u00e9quentation de certaines pages du Site, et ce afin de mieux servir les utilisateurs de la boutique en ligne<a href=\"http:\/\/www.tock.fr\">www.tock.fr<\/a><\/p>\n\n\n\n<p>Au cours de la navigation sur le site, et dans le cadre d\u2019inscription \u00e0 des acc\u00e8s sp\u00e9cifiques du site, les donn\u00e9es personnelles suivantes sont enregistr\u00e9es :<br>\u2013 Nom et pr\u00e9nom,<br>\u2013 T\u00e9l\u00e9phone,<br>\u2013 Adresse de facturation,<br>\u2013 Adresse de livraison,<br>\u2013 Adresse \u00e9lectronique,<br>\u2013 Produits achet\u00e9s.<\/p>\n\n\n\n<p>Dans le cadre de la boutique en ligne, toutes les informations \u00e0 caract\u00e8re bancaire sont trait\u00e9es directement par le service informatique de la banque effectuant le paiement par carte de cr\u00e9dit, atoutlemonde.fr n\u2019a donc pas connaissance ni ne conserve aucune information \u00e0 ce titre dans ses bases de donn\u00e9es.<\/p>\n\n\n\n<p>L\u2019utilisateur renseigne lui-m\u00eame ces informations en toute connaissance de cause par le fait qu\u2019il aura proc\u00e9d\u00e9 personnellement \u00e0 la saisie.<br>Dans le cadre de cette saisie, il sera pr\u00e9cis\u00e9 \u00e0 l\u2019utilisateur le caract\u00e8re obligatoire ou non des informations demand\u00e9es.<\/p>\n\n\n\n<p>L\u2019utilisateur est inform\u00e9 de la possibilit\u00e9 de demander au webmestre du site \u00e0 l\u2019adresse suivante :&nbsp;&nbsp;<a href=\"mailto:info@cougam.com\">info@cougam.com<\/a><\/p>\n\n\n\n<p>\u2013 La v\u00e9rification des donn\u00e9es personnelles ayant fait l\u2019objet d\u2019une saisie pour son compte<br>\u2013 Les informations ayant trait aux finalit\u00e9s de traitement de ces donn\u00e9es<br>\u2013 Les informations ayant trait \u00e0 l\u2019identit\u00e9 et au secteur g\u00e9ographique des possesseurs de ces donn\u00e9es<br>\u2013 La communication d\u2019une copie de ces donn\u00e9es \u00e0 titre gratuit dans la mesure ou celle-ci n\u2019est pas abusive dans son caract\u00e8re r\u00e9p\u00e9titif ou disproportionn\u00e9.<\/p>\n\n\n\n<p>Aucune information personnelle n\u2019est collect\u00e9e ni publi\u00e9e ou c\u00e9d\u00e9e \u00e0 titre gratuit ou on\u00e9reux \u00e0 l\u2019insu de l\u2019utilisateur.<\/p>\n\n\n\n<p>Les donn\u00e9es personnelles sont d\u00e9truites dix ans apr\u00e8s le dernier achat. Ces donn\u00e9es personnelles peuvent \u00eatres d\u00e9truites avant les dix ans sur simple demande aupr\u00e8s de Atout le monde soit:<br>\u2013 par mail \u00e0 l\u2019adresse suivante :&nbsp;&nbsp;<a href=\"mailto:info@cougam.com\">info@cougam.com<\/a><br>\u2013 par courrier postal \u00e0: COUGAM , 21&nbsp; rue du Bon Puits 49480 VERRIERES EN ANJOU, France<br>\u2013 par t\u00e9l\u00e9phone au: 02 41 93 07 52<br>En pr\u00e9cisant ses coordonn\u00e9es personnelles et les r\u00e9f\u00e9rences de son compte sous lequel sont enregistr\u00e9es ses donn\u00e9es \u00e0 caract\u00e8res personnelles.<\/p>\n\n\n\n<p>Des liens hypertextes peuvent renvoyer vers d\u2019autres sites que le site de la boutique en ligne&nbsp;&nbsp;<a href=\"mailto:info@cougam.com\">info@cougam.com<\/a><\/p>\n\n\n\n<p>Atout le Monde d\u00e9gage toute responsabilit\u00e9 dans le cas o\u00f9 le contenu de ces sites contreviendrait aux lois et r\u00e8glements en vigueur.<\/p>\n\n\n\n<p>La reproduction ou repr\u00e9sentation, int\u00e9grale ou partielle, des pages, des donn\u00e9es et de tout autre \u00e9l\u00e9ment constitutif au site&nbsp;<a href=\"https:\/\/www.atoutlemonde.fr\/\">&nbsp;<u>info@cougam.com<\/u><\/a>, par quelque proc\u00e9d\u00e9 ou support que ce soit, est interdite et constitue sans autorisation de l\u2019\u00e9diteur une contrefa\u00e7on.<\/p>\n","protected":false},"excerpt":{"rendered":"<p>COUGAM,&nbsp;soucieux&nbsp;des droits des individus, notamment au regard des traitements automatis\u00e9s, et dans une volont\u00e9 de transparence avec ses clients, a mis en place une politique reprenant l\u2019ensemble de ces traitements, des finalit\u00e9s poursuivies par ces derniers ainsi que des moyens d\u2019actions \u00e0 la disposition des individus afin qu\u2019ils puissent au mieux exercer leurs droits.&nbsp; Pour &hellip; <\/p>\n<p class=\"link-more\"><a href=\"https:\/\/cougam.com\/jeudutock\/index.php\/accueil\/confidentialite-rgpd\/\" class=\"more-link\">Continuer la lecture<span class=\"screen-reader-text\"> de &laquo;&nbsp;Confidentialit\u00e9 (RGPD)&nbsp;&raquo;<\/span><\/a><\/p>\n","protected":false},"author":1,"featured_media":0,"parent":52,"menu_order":0,"comment_status":"closed","ping_status":"closed","template":"","meta":{"footnotes":""},"class_list":["post-419","page","type-page","status-publish","hentry"],"yoast_head":"<!-- This site is optimized with the Yoast SEO plugin v27.5 - https:\/\/yoast.com\/product\/yoast-seo-wordpress\/ -->\n<title>Confidentialit\u00e9 (RGPD) - Jeu du Tock<\/title>\n<meta name=\"robots\" content=\"index, follow, max-snippet:-1, max-image-preview:large, max-video-preview:-1\" \/>\n<link rel=\"canonical\" href=\"https:\/\/cougam.com\/jeudutock\/index.php\/accueil\/confidentialite-rgpd\/\" \/>\n<meta property=\"og:locale\" content=\"fr_FR\" \/>\n<meta property=\"og:type\" content=\"article\" \/>\n<meta property=\"og:title\" content=\"Confidentialit\u00e9 (RGPD) - Jeu du Tock\" \/>\n<meta property=\"og:description\" content=\"COUGAM,&nbsp;soucieux&nbsp;des droits des individus, notamment au regard des traitements automatis\u00e9s, et dans une volont\u00e9 de transparence avec ses clients, a mis en place une politique reprenant l\u2019ensemble de ces traitements, des finalit\u00e9s poursuivies par ces derniers ainsi que des moyens d\u2019actions \u00e0 la disposition des individus afin qu\u2019ils puissent au mieux exercer leurs droits.&nbsp; Pour &hellip; Continuer la lecture de &laquo;&nbsp;Confidentialit\u00e9 (RGPD)&nbsp;&raquo;\" \/>\n<meta property=\"og:url\" content=\"https:\/\/cougam.com\/jeudutock\/index.php\/accueil\/confidentialite-rgpd\/\" \/>\n<meta property=\"og:site_name\" content=\"Jeu du Tock\" \/>\n<meta property=\"article:modified_time\" content=\"2021-12-08T15:41:53+00:00\" \/>\n<meta name=\"twitter:card\" content=\"summary_large_image\" \/>\n<meta name=\"twitter:label1\" content=\"Dur\u00e9e de lecture estim\u00e9e\" \/>\n\t<meta name=\"twitter:data1\" content=\"3 minutes\" \/>\n<script type=\"application\/ld+json\" class=\"yoast-schema-graph\">{\"@context\":\"https:\\\/\\\/schema.org\",\"@graph\":[{\"@type\":\"WebPage\",\"@id\":\"https:\\\/\\\/cougam.com\\\/jeudutock\\\/index.php\\\/accueil\\\/confidentialite-rgpd\\\/\",\"url\":\"https:\\\/\\\/cougam.com\\\/jeudutock\\\/index.php\\\/accueil\\\/confidentialite-rgpd\\\/\",\"name\":\"Confidentialit\u00e9 (RGPD) - Jeu du Tock\",\"isPartOf\":{\"@id\":\"https:\\\/\\\/cougam.com\\\/jeudutock\\\/#website\"},\"datePublished\":\"2021-12-08T15:38:13+00:00\",\"dateModified\":\"2021-12-08T15:41:53+00:00\",\"breadcrumb\":{\"@id\":\"https:\\\/\\\/cougam.com\\\/jeudutock\\\/index.php\\\/accueil\\\/confidentialite-rgpd\\\/#breadcrumb\"},\"inLanguage\":\"fr-FR\",\"potentialAction\":[{\"@type\":\"ReadAction\",\"target\":[\"https:\\\/\\\/cougam.com\\\/jeudutock\\\/index.php\\\/accueil\\\/confidentialite-rgpd\\\/\"]}]},{\"@type\":\"BreadcrumbList\",\"@id\":\"https:\\\/\\\/cougam.com\\\/jeudutock\\\/index.php\\\/accueil\\\/confidentialite-rgpd\\\/#breadcrumb\",\"itemListElement\":[{\"@type\":\"ListItem\",\"position\":1,\"name\":\"Accueil\",\"item\":\"https:\\\/\\\/cougam.com\\\/jeudutock\\\/\"},{\"@type\":\"ListItem\",\"position\":2,\"name\":\"ACCUEIL\",\"item\":\"https:\\\/\\\/cougam.com\\\/jeudutock\\\/\"},{\"@type\":\"ListItem\",\"position\":3,\"name\":\"Confidentialit\u00e9 (RGPD)\"}]},{\"@type\":\"WebSite\",\"@id\":\"https:\\\/\\\/cougam.com\\\/jeudutock\\\/#website\",\"url\":\"https:\\\/\\\/cougam.com\\\/jeudutock\\\/\",\"name\":\"Jeu du Tock\",\"description\":\"\",\"publisher\":{\"@id\":\"https:\\\/\\\/cougam.com\\\/jeudutock\\\/#organization\"},\"potentialAction\":[{\"@type\":\"SearchAction\",\"target\":{\"@type\":\"EntryPoint\",\"urlTemplate\":\"https:\\\/\\\/cougam.com\\\/jeudutock\\\/?s={search_term_string}\"},\"query-input\":{\"@type\":\"PropertyValueSpecification\",\"valueRequired\":true,\"valueName\":\"search_term_string\"}}],\"inLanguage\":\"fr-FR\"},{\"@type\":\"Organization\",\"@id\":\"https:\\\/\\\/cougam.com\\\/jeudutock\\\/#organization\",\"name\":\"TOCK\",\"url\":\"https:\\\/\\\/cougam.com\\\/jeudutock\\\/\",\"logo\":{\"@type\":\"ImageObject\",\"inLanguage\":\"fr-FR\",\"@id\":\"https:\\\/\\\/cougam.com\\\/jeudutock\\\/#\\\/schema\\\/logo\\\/image\\\/\",\"url\":\"https:\\\/\\\/tock.fr\\\/wp-content\\\/uploads\\\/2017\\\/01\\\/cropped-logo-Jeu-du-Tock-grand.jpg\",\"contentUrl\":\"https:\\\/\\\/tock.fr\\\/wp-content\\\/uploads\\\/2017\\\/01\\\/cropped-logo-Jeu-du-Tock-grand.jpg\",\"width\":545,\"height\":250,\"caption\":\"TOCK\"},\"image\":{\"@id\":\"https:\\\/\\\/cougam.com\\\/jeudutock\\\/#\\\/schema\\\/logo\\\/image\\\/\"}}]}<\/script>\n<!-- \/ Yoast SEO plugin. -->","yoast_head_json":{"title":"Confidentialit\u00e9 (RGPD) - Jeu du Tock","robots":{"index":"index","follow":"follow","max-snippet":"max-snippet:-1","max-image-preview":"max-image-preview:large","max-video-preview":"max-video-preview:-1"},"canonical":"https:\/\/cougam.com\/jeudutock\/index.php\/accueil\/confidentialite-rgpd\/","og_locale":"fr_FR","og_type":"article","og_title":"Confidentialit\u00e9 (RGPD) - Jeu du Tock","og_description":"COUGAM,&nbsp;soucieux&nbsp;des droits des individus, notamment au regard des traitements automatis\u00e9s, et dans une volont\u00e9 de transparence avec ses clients, a mis en place une politique reprenant l\u2019ensemble de ces traitements, des finalit\u00e9s poursuivies par ces derniers ainsi que des moyens d\u2019actions \u00e0 la disposition des individus afin qu\u2019ils puissent au mieux exercer leurs droits.&nbsp; Pour &hellip; Continuer la lecture de &laquo;&nbsp;Confidentialit\u00e9 (RGPD)&nbsp;&raquo;","og_url":"https:\/\/cougam.com\/jeudutock\/index.php\/accueil\/confidentialite-rgpd\/","og_site_name":"Jeu du Tock","article_modified_time":"2021-12-08T15:41:53+00:00","twitter_card":"summary_large_image","twitter_misc":{"Dur\u00e9e de lecture estim\u00e9e":"3 minutes"},"schema":{"@context":"https:\/\/schema.org","@graph":[{"@type":"WebPage","@id":"https:\/\/cougam.com\/jeudutock\/index.php\/accueil\/confidentialite-rgpd\/","url":"https:\/\/cougam.com\/jeudutock\/index.php\/accueil\/confidentialite-rgpd\/","name":"Confidentialit\u00e9 (RGPD) - Jeu du Tock","isPartOf":{"@id":"https:\/\/cougam.com\/jeudutock\/#website"},"datePublished":"2021-12-08T15:38:13+00:00","dateModified":"2021-12-08T15:41:53+00:00","breadcrumb":{"@id":"https:\/\/cougam.com\/jeudutock\/index.php\/accueil\/confidentialite-rgpd\/#breadcrumb"},"inLanguage":"fr-FR","potentialAction":[{"@type":"ReadAction","target":["https:\/\/cougam.com\/jeudutock\/index.php\/accueil\/confidentialite-rgpd\/"]}]},{"@type":"BreadcrumbList","@id":"https:\/\/cougam.com\/jeudutock\/index.php\/accueil\/confidentialite-rgpd\/#breadcrumb","itemListElement":[{"@type":"ListItem","position":1,"name":"Accueil","item":"https:\/\/cougam.com\/jeudutock\/"},{"@type":"ListItem","position":2,"name":"ACCUEIL","item":"https:\/\/cougam.com\/jeudutock\/"},{"@type":"ListItem","position":3,"name":"Confidentialit\u00e9 (RGPD)"}]},{"@type":"WebSite","@id":"https:\/\/cougam.com\/jeudutock\/#website","url":"https:\/\/cougam.com\/jeudutock\/","name":"Jeu du Tock","description":"","publisher":{"@id":"https:\/\/cougam.com\/jeudutock\/#organization"},"potentialAction":[{"@type":"SearchAction","target":{"@type":"EntryPoint","urlTemplate":"https:\/\/cougam.com\/jeudutock\/?s={search_term_string}"},"query-input":{"@type":"PropertyValueSpecification","valueRequired":true,"valueName":"search_term_string"}}],"inLanguage":"fr-FR"},{"@type":"Organization","@id":"https:\/\/cougam.com\/jeudutock\/#organization","name":"TOCK","url":"https:\/\/cougam.com\/jeudutock\/","logo":{"@type":"ImageObject","inLanguage":"fr-FR","@id":"https:\/\/cougam.com\/jeudutock\/#\/schema\/logo\/image\/","url":"https:\/\/tock.fr\/wp-content\/uploads\/2017\/01\/cropped-logo-Jeu-du-Tock-grand.jpg","contentUrl":"https:\/\/tock.fr\/wp-content\/uploads\/2017\/01\/cropped-logo-Jeu-du-Tock-grand.jpg","width":545,"height":250,"caption":"TOCK"},"image":{"@id":"https:\/\/cougam.com\/jeudutock\/#\/schema\/logo\/image\/"}}]}},"_links":{"self":[{"href":"https:\/\/cougam.com\/jeudutock\/index.php\/wp-json\/wp\/v2\/pages\/419","targetHints":{"allow":["GET"]}}],"collection":[{"href":"https:\/\/cougam.com\/jeudutock\/index.php\/wp-json\/wp\/v2\/pages"}],"about":[{"href":"https:\/\/cougam.com\/jeudutock\/index.php\/wp-json\/wp\/v2\/types\/page"}],"author":[{"embeddable":true,"href":"https:\/\/cougam.com\/jeudutock\/index.php\/wp-json\/wp\/v2\/users\/1"}],"replies":[{"embeddable":true,"href":"https:\/\/cougam.com\/jeudutock\/index.php\/wp-json\/wp\/v2\/comments?post=419"}],"version-history":[{"count":3,"href":"https:\/\/cougam.com\/jeudutock\/index.php\/wp-json\/wp\/v2\/pages\/419\/revisions"}],"predecessor-version":[{"id":424,"href":"https:\/\/cougam.com\/jeudutock\/index.php\/wp-json\/wp\/v2\/pages\/419\/revisions\/424"}],"up":[{"embeddable":true,"href":"https:\/\/cougam.com\/jeudutock\/index.php\/wp-json\/wp\/v2\/pages\/52"}],"wp:attachment":[{"href":"https:\/\/cougam.com\/jeudutock\/index.php\/wp-json\/wp\/v2\/media?parent=419"}],"curies":[{"name":"wp","href":"https:\/\/api.w.org\/{rel}","templated":true}]}}